{"id":7910,"date":"2026-03-19T20:40:42","date_gmt":"2026-03-19T20:40:42","guid":{"rendered":"https:\/\/jk-wood.com\/?post_type=product&#038;p=7910"},"modified":"2026-03-19T20:44:32","modified_gmt":"2026-03-19T20:44:32","slug":"mali-zapeljivcek-otroski","status":"publish","type":"product","link":"https:\/\/jk-wood.com\/en\/product\/mali-zapeljivcek-otroski\/","title":{"rendered":"Pretty little baby"},"content":{"rendered":"<p>WOOD: Walnut<\/p>\n<p>FABRIC COLOUR: Beige<\/p>\n<p>Suitable for children aged 0.5\u20134 years<\/p>\n<p>SIZE: 60mm<\/p>\n<p data-start=\"282\" data-end=\"514\">Add the finishing touch to your outfit with a wooden bow tie that combines classic elegance and modern style. Handcrafted from carefully selected wood, our bow ties are more than just accessories \u2013 they\u2019re a statement of personality and a nod to sustainability.<\/p>\n<p data-start=\"516\" data-end=\"957\">\ud83e\udeb5 <strong data-start=\"519\" data-end=\"540\">Natural materials<\/strong> \u2013 Each bow tie is made from high-quality wood, showcasing unique grain and color. No two are alike.<br data-start=\"656\" data-end=\"659\" \/>\ud83c\udf80 <strong data-start=\"662\" data-end=\"676\">Hand made<\/strong> \u2013 Meticulous craftsmanship ensures a refined look and long-lasting durability.<br data-start=\"748\" data-end=\"751\" \/>\ud83e\udde5 <strong data-start=\"754\" data-end=\"792\">For special occasions or everyday wear<\/strong> Perfect for weddings, parties, business events, or as a unique gift.<br data-start=\"863\" data-end=\"866\" \/>\ud83c\udf31 <strong data-start=\"869\" data-end=\"890\">A sustainable choice<\/strong> \u2013 Support local craftsmanship and eco-friendly production with every purchase.<\/p>\n<p data-start=\"959\" data-end=\"1086\">Contact us if you would like a custom-made piece.<\/p>","protected":false},"excerpt":{"rendered":"<p>LES: Oreh BARVA BLAGA: Be\u017e Primeren za otroke 0,5- 4 let VELIKOST: 60mm Dodajte piko na i svoji opravi z lesenim metulj\u010dkom, ki zdru\u017euje brez\u010dasno eleganco in sodoben dizajn. Ro\u010dno izdelani iz skrbno izbranega lesa, na\u0161i metulj\u010dki niso le modni dodatek \u2013 so izraz osebnega sloga in spo\u0161tovanja do narave. \ud83e\udeb5 Naravni materiali \u2013 Vsak [&hellip;]<\/p>\n","protected":false},"featured_media":7901,"comment_status":"open","ping_status":"closed","template":"","meta":{"site-sidebar-layout":"default","site-content-layout":"","ast-site-content-layout":"default","site-content-style":"default","site-sidebar-style":"default","ast-global-header-display":"","ast-banner-title-visibility":"","ast-main-header-display":"","ast-hfb-above-header-display":"","ast-hfb-below-header-display":"","ast-hfb-mobile-header-display":"","site-post-title":"","ast-breadcrumbs-content":"","ast-featured-img":"","footer-sml-layout":"","ast-disable-related-posts":"","theme-transparent-header-meta":"default","adv-header-id-meta":"","stick-header-meta":"","header-above-stick-meta":"","header-main-stick-meta":"","header-below-stick-meta":"","astra-migrate-meta-layouts":"set","ast-page-background-enabled":"default","ast-page-background-meta":{"desktop":{"background-color":"","background-image":"","background-repeat":"repeat","background-position":"center center","background-size":"auto","background-attachment":"scroll","background-type":"","background-media":"","overlay-type":"","overlay-color":"","overlay-opacity":"","overlay-gradient":""},"tablet":{"background-color":"","background-image":"","background-repeat":"repeat","background-position":"center center","background-size":"auto","background-attachment":"scroll","background-type":"","background-media":"","overlay-type":"","overlay-color":"","overlay-opacity":"","overlay-gradient":""},"mobile":{"background-color":"","background-image":"","background-repeat":"repeat","background-position":"center center","background-size":"auto","background-attachment":"scroll","background-type":"","background-media":"","overlay-type":"","overlay-color":"","overlay-opacity":"","overlay-gradient":""}},"ast-content-background-meta":{"desktop":{"background-color":"var(--ast-global-color-5)","background-image":"","background-repeat":"repeat","background-position":"center center","background-size":"auto","background-attachment":"scroll","background-type":"","background-media":"","overlay-type":"","overlay-color":"","overlay-opacity":"","overlay-gradient":""},"tablet":{"background-color":"var(--ast-global-color-5)","background-image":"","background-repeat":"repeat","background-position":"center center","background-size":"auto","background-attachment":"scroll","background-type":"","background-media":"","overlay-type":"","overlay-color":"","overlay-opacity":"","overlay-gradient":""},"mobile":{"background-color":"var(--ast-global-color-5)","background-image":"","background-repeat":"repeat","background-position":"center center","background-size":"auto","background-attachment":"scroll","background-type":"","background-media":"","overlay-type":"","overlay-color":"","overlay-opacity":"","overlay-gradient":""}},"jetpack_publicize_message":"","jetpack_publicize_feature_enabled":true,"jetpack_social_post_already_shared":true,"jetpack_social_options":{"image_generator_settings":{"template":"highway","default_image_id":0,"font":"","enabled":false},"version":2}},"product_brand":[],"product_cat":[38,35,116],"product_tag":[],"class_list":{"0":"post-7910","1":"product","2":"type-product","3":"status-publish","4":"has-post-thumbnail","6":"product_cat-leseni-metuljcki","7":"product_cat-leseni-modni-dodatki","8":"product_cat-otroski","9":"desktop-align-center","10":"tablet-align-center","11":"mobile-align-center","13":"first","14":"instock","15":"sold-individually","16":"taxable","17":"shipping-taxable","18":"purchasable","19":"product-type-simple"},"jetpack_publicize_connections":[],"jetpack_sharing_enabled":true,"_links":{"self":[{"href":"https:\/\/jk-wood.com\/en\/wp-json\/wp\/v2\/product\/7910","targetHints":{"allow":["GET"]}}],"collection":[{"href":"https:\/\/jk-wood.com\/en\/wp-json\/wp\/v2\/product"}],"about":[{"href":"https:\/\/jk-wood.com\/en\/wp-json\/wp\/v2\/types\/product"}],"replies":[{"embeddable":true,"href":"https:\/\/jk-wood.com\/en\/wp-json\/wp\/v2\/comments?post=7910"}],"wp:featuredmedia":[{"embeddable":true,"href":"https:\/\/jk-wood.com\/en\/wp-json\/wp\/v2\/media\/7901"}],"wp:attachment":[{"href":"https:\/\/jk-wood.com\/en\/wp-json\/wp\/v2\/media?parent=7910"}],"wp:term":[{"taxonomy":"product_brand","embeddable":true,"href":"https:\/\/jk-wood.com\/en\/wp-json\/wp\/v2\/product_brand?post=7910"},{"taxonomy":"product_cat","embeddable":true,"href":"https:\/\/jk-wood.com\/en\/wp-json\/wp\/v2\/product_cat?post=7910"},{"taxonomy":"product_tag","embeddable":true,"href":"https:\/\/jk-wood.com\/en\/wp-json\/wp\/v2\/product_tag?post=7910"}],"curies":[{"name":"wp","href":"https:\/\/api.w.org\/{rel}","templated":true}]}}