{"id":7797,"date":"2026-02-21T16:01:50","date_gmt":"2026-02-21T16:01:50","guid":{"rendered":"https:\/\/jk-wood.com\/?post_type=product&#038;p=7797"},"modified":"2026-02-21T16:02:49","modified_gmt":"2026-02-21T16:02:49","slug":"deska-bukev","status":"publish","type":"product","link":"https:\/\/jk-wood.com\/en\/product\/deska-bukev\/","title":{"rendered":"board \u2013 beech"},"content":{"rendered":"<p><strong>DIMENSIONS:<\/strong><\/p>\n<ul>\n<li>380x180x18 mm<\/li>\n<\/ul>\n<p>Each kitchen board is unique, crafted from carefully selected solid wood with a natural grain pattern that cannot be replicated.\u00a0<img decoding=\"async\" class=\"an1\" draggable=\"false\" src=\"https:\/\/fonts.gstatic.com\/s\/e\/notoemoji\/17.0\/1f33f\/32.png\" alt=\"\ud83c\udf3f\" data-emoji=\"\ud83c\udf3f\" aria-label=\"\ud83c\udf3f\" \/>Hand-finished and protected with natural oils that enhance the beauty of the wood and ensure long-lasting durability.\u00a0<img decoding=\"async\" class=\"an1\" draggable=\"false\" src=\"https:\/\/fonts.gstatic.com\/s\/e\/notoemoji\/17.0\/2728\/32.png\" alt=\"\u2728\" data-emoji=\"\u2728\" aria-label=\"\u2728\" \/>.<\/p>\n<p>The board is not just a kitchen tool, but a piece of nature in your home.\u00a0<img decoding=\"async\" class=\"an1\" draggable=\"false\" src=\"https:\/\/fonts.gstatic.com\/s\/e\/notoemoji\/17.0\/1f3e1\/32.png\" alt=\"\ud83c\udfe1\" data-emoji=\"\ud83c\udfe1\" aria-label=\"\ud83c\udfe1\" \/>\u00a0suitable for cutting, serving, or as an aesthetic accent on your kitchen counter. Thanks to its durability and timeless design, it also makes an excellent gift.\u00a0<img decoding=\"async\" class=\"an1\" draggable=\"false\" src=\"https:\/\/fonts.gstatic.com\/s\/e\/notoemoji\/17.0\/1f381\/32.png\" alt=\"\ud83c\udf81\" data-emoji=\"\ud83c\udf81\" aria-label=\"\ud83c\udf81\" \/>.<\/p>\n<p>Let every meal be served on a board that has its own story.\u00a0<img decoding=\"async\" class=\"an1\" draggable=\"false\" src=\"https:\/\/fonts.gstatic.com\/s\/e\/notoemoji\/17.0\/1f90d\/32.png\" alt=\"\ud83e\udd0d\" data-emoji=\"\ud83e\udd0d\" aria-label=\"\ud83e\udd0d\" \/><\/p>","protected":false},"excerpt":{"rendered":"<p>DIMENZIJE: 380x180x18 mm Vsaka kuhinjska deska je unikat, izdelana iz skrbno izbranega masivnega lesa z naravno risbo, ki je ni mogo\u010de ponoviti\u00a0. Ro\u010dno obdelana in za\u0161\u010ditena z naravnimi olji, ki poudarijo lepoto lesa ter poskrbijo za dolgo \u017eivljenjsko dobo\u00a0. Deska ni le kuhinjski pripomo\u010dek, ampak kos narave v tvojem domu\u00a0\u00a0\u2013 primerna za rezanje, serviranje ali [&hellip;]<\/p>\n","protected":false},"featured_media":7773,"comment_status":"open","ping_status":"closed","template":"","meta":{"site-sidebar-layout":"default","site-content-layout":"","ast-site-content-layout":"default","site-content-style":"default","site-sidebar-style":"default","ast-global-header-display":"","ast-banner-title-visibility":"","ast-main-header-display":"","ast-hfb-above-header-display":"","ast-hfb-below-header-display":"","ast-hfb-mobile-header-display":"","site-post-title":"","ast-breadcrumbs-content":"","ast-featured-img":"","footer-sml-layout":"","ast-disable-related-posts":"","theme-transparent-header-meta":"default","adv-header-id-meta":"","stick-header-meta":"","header-above-stick-meta":"","header-main-stick-meta":"","header-below-stick-meta":"","astra-migrate-meta-layouts":"set","ast-page-background-enabled":"default","ast-page-background-meta":{"desktop":{"background-color":"","background-image":"","background-repeat":"repeat","background-position":"center center","background-size":"auto","background-attachment":"scroll","background-type":"","background-media":"","overlay-type":"","overlay-color":"","overlay-opacity":"","overlay-gradient":""},"tablet":{"background-color":"","background-image":"","background-repeat":"repeat","background-position":"center center","background-size":"auto","background-attachment":"scroll","background-type":"","background-media":"","overlay-type":"","overlay-color":"","overlay-opacity":"","overlay-gradient":""},"mobile":{"background-color":"","background-image":"","background-repeat":"repeat","background-position":"center center","background-size":"auto","background-attachment":"scroll","background-type":"","background-media":"","overlay-type":"","overlay-color":"","overlay-opacity":"","overlay-gradient":""}},"ast-content-background-meta":{"desktop":{"background-color":"var(--ast-global-color-5)","background-image":"","background-repeat":"repeat","background-position":"center center","background-size":"auto","background-attachment":"scroll","background-type":"","background-media":"","overlay-type":"","overlay-color":"","overlay-opacity":"","overlay-gradient":""},"tablet":{"background-color":"var(--ast-global-color-5)","background-image":"","background-repeat":"repeat","background-position":"center center","background-size":"auto","background-attachment":"scroll","background-type":"","background-media":"","overlay-type":"","overlay-color":"","overlay-opacity":"","overlay-gradient":""},"mobile":{"background-color":"var(--ast-global-color-5)","background-image":"","background-repeat":"repeat","background-position":"center center","background-size":"auto","background-attachment":"scroll","background-type":"","background-media":"","overlay-type":"","overlay-color":"","overlay-opacity":"","overlay-gradient":""}},"jetpack_publicize_message":"","jetpack_publicize_feature_enabled":true,"jetpack_social_post_already_shared":true,"jetpack_social_options":{"image_generator_settings":{"template":"highway","default_image_id":0,"font":"","enabled":false},"version":2}},"product_brand":[],"product_cat":[41,42,109],"product_tag":[],"class_list":{"0":"post-7797","1":"product","2":"type-product","3":"status-publish","4":"has-post-thumbnail","6":"product_cat-izdelki-za-kuhinjo","7":"product_cat-rezalne-deske","8":"product_cat-servirne-deske-izdelki-za-kuhinjo","9":"desktop-align-center","10":"tablet-align-center","11":"mobile-align-center","13":"first","14":"instock","15":"sold-individually","16":"taxable","17":"shipping-taxable","18":"purchasable","19":"product-type-simple"},"jetpack_publicize_connections":[],"jetpack_sharing_enabled":true,"_links":{"self":[{"href":"https:\/\/jk-wood.com\/en\/wp-json\/wp\/v2\/product\/7797","targetHints":{"allow":["GET"]}}],"collection":[{"href":"https:\/\/jk-wood.com\/en\/wp-json\/wp\/v2\/product"}],"about":[{"href":"https:\/\/jk-wood.com\/en\/wp-json\/wp\/v2\/types\/product"}],"replies":[{"embeddable":true,"href":"https:\/\/jk-wood.com\/en\/wp-json\/wp\/v2\/comments?post=7797"}],"wp:featuredmedia":[{"embeddable":true,"href":"https:\/\/jk-wood.com\/en\/wp-json\/wp\/v2\/media\/7773"}],"wp:attachment":[{"href":"https:\/\/jk-wood.com\/en\/wp-json\/wp\/v2\/media?parent=7797"}],"wp:term":[{"taxonomy":"product_brand","embeddable":true,"href":"https:\/\/jk-wood.com\/en\/wp-json\/wp\/v2\/product_brand?post=7797"},{"taxonomy":"product_cat","embeddable":true,"href":"https:\/\/jk-wood.com\/en\/wp-json\/wp\/v2\/product_cat?post=7797"},{"taxonomy":"product_tag","embeddable":true,"href":"https:\/\/jk-wood.com\/en\/wp-json\/wp\/v2\/product_tag?post=7797"}],"curies":[{"name":"wp","href":"https:\/\/api.w.org\/{rel}","templated":true}]}}