{"id":6001,"date":"2024-11-05T17:14:06","date_gmt":"2024-11-05T17:14:06","guid":{"rendered":"https:\/\/jk-wood.com\/?post_type=product&#038;p=6001"},"modified":"2025-08-20T20:40:11","modified_gmt":"2025-08-20T20:40:11","slug":"prstan-iz-lesa-oljke-oljen","status":"publish","type":"product","link":"https:\/\/jk-wood.com\/en\/product\/prstan-iz-lesa-oljke-oljen\/","title":{"rendered":"Olive wood ring - oiled"},"content":{"rendered":"<p>&nbsp;<\/p>\n<hr \/>\n<p><strong>DIMENSIONS:<\/strong><\/p>\n<ul>\n<li><strong>Number (from the table):<\/strong> 20<\/li>\n<li><strong>Width:<\/strong> 12 mm<\/li>\n<\/ul>\n<p><strong>What ring size to choose? <\/strong><\/p>\n<p>Before you choose a ring for yourself or as a gift, you need its size. If you don't know it yet, you can easily find it by cutting a strip of paper or taking a string that you wrap around the finger where you wear the ring and measure the circumference of the finger. It is usually necessary to add at least 1-2 mm to the obtained measurement (e.g. 45 mm) (depending on the thickness of the knuckles on the finger on which you wear the ring) so that you can easily put the ring on and take it off.<\/p>\n<p><img fetchpriority=\"high\" decoding=\"async\" class=\"alignnone size-medium wp-image-5996\" src=\"https:\/\/jk-wood.com\/wp-content\/uploads\/2024\/11\/56148792122-1-300x236.png\" alt=\"\" width=\"300\" height=\"236\" srcset=\"https:\/\/jk-wood.com\/wp-content\/uploads\/2024\/11\/56148792122-1-300x236.png 300w, https:\/\/jk-wood.com\/wp-content\/uploads\/2024\/11\/56148792122-1-1024x805.png 1024w, https:\/\/jk-wood.com\/wp-content\/uploads\/2024\/11\/56148792122-1-768x604.png 768w, https:\/\/jk-wood.com\/wp-content\/uploads\/2024\/11\/56148792122-1-1536x1207.png 1536w, https:\/\/jk-wood.com\/wp-content\/uploads\/2024\/11\/56148792122-1-600x472.png 600w, https:\/\/jk-wood.com\/wp-content\/uploads\/2024\/11\/56148792122-1.png 2000w\" sizes=\"(max-width: 300px) 100vw, 300px\" \/><\/p>","protected":false},"excerpt":{"rendered":"<p>&nbsp; DIMENZIJE: \u0160tevilka: 20 \u0160irina: 12 mm Kak\u0161no velikost prstana naro\u010diti? Predno izberete prstan zase ali za darilo, je potrebno njegovo velikost. \u010ce je \u0161e ne poznate, jo lahko enostavno ugotovite tako, da iz papirja izre\u017eete trak ali vzamete vrvico, katero ovijete okoli prsta na mestu, kjer nosite prstan in izmerite obseg prsta. Dobljeni meri [&hellip;]<\/p>\n","protected":false},"featured_media":6002,"comment_status":"open","ping_status":"closed","template":"","meta":{"site-sidebar-layout":"default","site-content-layout":"","ast-site-content-layout":"default","site-content-style":"default","site-sidebar-style":"default","ast-global-header-display":"","ast-banner-title-visibility":"","ast-main-header-display":"","ast-hfb-above-header-display":"","ast-hfb-below-header-display":"","ast-hfb-mobile-header-display":"","site-post-title":"","ast-breadcrumbs-content":"","ast-featured-img":"","footer-sml-layout":"","ast-disable-related-posts":"","theme-transparent-header-meta":"default","adv-header-id-meta":"","stick-header-meta":"","header-above-stick-meta":"","header-main-stick-meta":"","header-below-stick-meta":"","astra-migrate-meta-layouts":"set","ast-page-background-enabled":"default","ast-page-background-meta":{"desktop":{"background-color":"","background-image":"","background-repeat":"repeat","background-position":"center center","background-size":"auto","background-attachment":"scroll","background-type":"","background-media":"","overlay-type":"","overlay-color":"","overlay-opacity":"","overlay-gradient":""},"tablet":{"background-color":"","background-image":"","background-repeat":"repeat","background-position":"center center","background-size":"auto","background-attachment":"scroll","background-type":"","background-media":"","overlay-type":"","overlay-color":"","overlay-opacity":"","overlay-gradient":""},"mobile":{"background-color":"","background-image":"","background-repeat":"repeat","background-position":"center center","background-size":"auto","background-attachment":"scroll","background-type":"","background-media":"","overlay-type":"","overlay-color":"","overlay-opacity":"","overlay-gradient":""}},"ast-content-background-meta":{"desktop":{"background-color":"var(--ast-global-color-5)","background-image":"","background-repeat":"repeat","background-position":"center center","background-size":"auto","background-attachment":"scroll","background-type":"","background-media":"","overlay-type":"","overlay-color":"","overlay-opacity":"","overlay-gradient":""},"tablet":{"background-color":"var(--ast-global-color-5)","background-image":"","background-repeat":"repeat","background-position":"center center","background-size":"auto","background-attachment":"scroll","background-type":"","background-media":"","overlay-type":"","overlay-color":"","overlay-opacity":"","overlay-gradient":""},"mobile":{"background-color":"var(--ast-global-color-5)","background-image":"","background-repeat":"repeat","background-position":"center center","background-size":"auto","background-attachment":"scroll","background-type":"","background-media":"","overlay-type":"","overlay-color":"","overlay-opacity":"","overlay-gradient":""}},"jetpack_publicize_message":"","jetpack_publicize_feature_enabled":true,"jetpack_social_post_already_shared":false,"jetpack_social_options":{"image_generator_settings":{"template":"highway","default_image_id":0,"font":"","enabled":false},"version":2}},"product_brand":[],"product_cat":[35,39,84],"product_tag":[],"class_list":{"0":"post-6001","1":"product","2":"type-product","3":"status-publish","4":"has-post-thumbnail","6":"product_cat-leseni-modni-dodatki","7":"product_cat-leseni-prstani","8":"product_cat-84","9":"desktop-align-center","10":"tablet-align-center","11":"mobile-align-center","13":"first","14":"instock","15":"taxable","16":"shipping-taxable","17":"purchasable","18":"product-type-simple"},"jetpack_publicize_connections":[],"jetpack_sharing_enabled":true,"_links":{"self":[{"href":"https:\/\/jk-wood.com\/en\/wp-json\/wp\/v2\/product\/6001","targetHints":{"allow":["GET"]}}],"collection":[{"href":"https:\/\/jk-wood.com\/en\/wp-json\/wp\/v2\/product"}],"about":[{"href":"https:\/\/jk-wood.com\/en\/wp-json\/wp\/v2\/types\/product"}],"replies":[{"embeddable":true,"href":"https:\/\/jk-wood.com\/en\/wp-json\/wp\/v2\/comments?post=6001"}],"wp:featuredmedia":[{"embeddable":true,"href":"https:\/\/jk-wood.com\/en\/wp-json\/wp\/v2\/media\/6002"}],"wp:attachment":[{"href":"https:\/\/jk-wood.com\/en\/wp-json\/wp\/v2\/media?parent=6001"}],"wp:term":[{"taxonomy":"product_brand","embeddable":true,"href":"https:\/\/jk-wood.com\/en\/wp-json\/wp\/v2\/product_brand?post=6001"},{"taxonomy":"product_cat","embeddable":true,"href":"https:\/\/jk-wood.com\/en\/wp-json\/wp\/v2\/product_cat?post=6001"},{"taxonomy":"product_tag","embeddable":true,"href":"https:\/\/jk-wood.com\/en\/wp-json\/wp\/v2\/product_tag?post=6001"}],"curies":[{"name":"wp","href":"https:\/\/api.w.org\/{rel}","templated":true}]}}