{"id":5952,"date":"2024-11-04T22:32:36","date_gmt":"2024-11-04T22:32:36","guid":{"rendered":"https:\/\/jk-wood.com\/?post_type=product&#038;p=5952"},"modified":"2025-10-18T07:30:05","modified_gmt":"2025-10-18T07:30:05","slug":"5952","status":"publish","type":"product","link":"https:\/\/jk-wood.com\/en\/product\/5952\/","title":{"rendered":"Wooden grave candles"},"content":{"rendered":"<div>\n<div>\n<p>Lesena nagrobna sve\u010da z vgraviranim motivom<\/p>\n<p>Masivna lesena sve\u010da, zasnovana kot trajnostna in estetska alternativa klasi\u010dnim nagrobnim sve\u010dam. Ro\u010dno izdelana iz kakovostnega lesa in okra\u0161ena z vgraviranim motivom po meri. Sve\u010da se preprosto zapi\u010di v zemljo ter slu\u017ei kot spo\u0161tljiv in naraven spomin na pokojne.<\/p>\n<\/div>\n<\/div>","protected":false},"excerpt":{"rendered":"<p>Lesena nagrobna sve\u010da z vgraviranim motivom Masivna lesena sve\u010da, zasnovana kot trajnostna in estetska alternativa klasi\u010dnim nagrobnim sve\u010dam. Ro\u010dno izdelana iz kakovostnega lesa in okra\u0161ena z vgraviranim motivom po meri. Sve\u010da se preprosto zapi\u010di v zemljo ter slu\u017ei kot spo\u0161tljiv in naraven spomin na pokojne.<\/p>","protected":false},"featured_media":7412,"comment_status":"open","ping_status":"closed","template":"","meta":{"site-sidebar-layout":"default","site-content-layout":"","ast-site-content-layout":"default","site-content-style":"default","site-sidebar-style":"default","ast-global-header-display":"","ast-banner-title-visibility":"","ast-main-header-display":"","ast-hfb-above-header-display":"","ast-hfb-below-header-display":"","ast-hfb-mobile-header-display":"","site-post-title":"","ast-breadcrumbs-content":"","ast-featured-img":"","footer-sml-layout":"","ast-disable-related-posts":"","theme-transparent-header-meta":"default","adv-header-id-meta":"","stick-header-meta":"","header-above-stick-meta":"","header-main-stick-meta":"","header-below-stick-meta":"","astra-migrate-meta-layouts":"set","ast-page-background-enabled":"default","ast-page-background-meta":{"desktop":{"background-color":"","background-image":"","background-repeat":"repeat","background-position":"center center","background-size":"auto","background-attachment":"scroll","background-type":"","background-media":"","overlay-type":"","overlay-color":"","overlay-opacity":"","overlay-gradient":""},"tablet":{"background-color":"","background-image":"","background-repeat":"repeat","background-position":"center center","background-size":"auto","background-attachment":"scroll","background-type":"","background-media":"","overlay-type":"","overlay-color":"","overlay-opacity":"","overlay-gradient":""},"mobile":{"background-color":"","background-image":"","background-repeat":"repeat","background-position":"center center","background-size":"auto","background-attachment":"scroll","background-type":"","background-media":"","overlay-type":"","overlay-color":"","overlay-opacity":"","overlay-gradient":""}},"ast-content-background-meta":{"desktop":{"background-color":"var(--ast-global-color-5)","background-image":"","background-repeat":"repeat","background-position":"center center","background-size":"auto","background-attachment":"scroll","background-type":"","background-media":"","overlay-type":"","overlay-color":"","overlay-opacity":"","overlay-gradient":""},"tablet":{"background-color":"var(--ast-global-color-5)","background-image":"","background-repeat":"repeat","background-position":"center center","background-size":"auto","background-attachment":"scroll","background-type":"","background-media":"","overlay-type":"","overlay-color":"","overlay-opacity":"","overlay-gradient":""},"mobile":{"background-color":"var(--ast-global-color-5)","background-image":"","background-repeat":"repeat","background-position":"center center","background-size":"auto","background-attachment":"scroll","background-type":"","background-media":"","overlay-type":"","overlay-color":"","overlay-opacity":"","overlay-gradient":""}},"jetpack_publicize_message":"","jetpack_publicize_feature_enabled":true,"jetpack_social_post_already_shared":false,"jetpack_social_options":{"image_generator_settings":{"template":"highway","default_image_id":0,"font":"","enabled":false},"version":2}},"product_brand":[],"product_cat":[46,45],"product_tag":[],"class_list":{"0":"post-5952","1":"product","2":"type-product","3":"status-publish","4":"has-post-thumbnail","6":"product_cat-lesene-nagrobne-svecke","7":"product_cat-ostali-leseni-izdelki","8":"desktop-align-center","9":"tablet-align-center","10":"mobile-align-center","12":"first","13":"instock","14":"sale","15":"taxable","16":"shipping-taxable","17":"purchasable","18":"product-type-simple"},"jetpack_publicize_connections":[],"jetpack_sharing_enabled":true,"_links":{"self":[{"href":"https:\/\/jk-wood.com\/en\/wp-json\/wp\/v2\/product\/5952","targetHints":{"allow":["GET"]}}],"collection":[{"href":"https:\/\/jk-wood.com\/en\/wp-json\/wp\/v2\/product"}],"about":[{"href":"https:\/\/jk-wood.com\/en\/wp-json\/wp\/v2\/types\/product"}],"replies":[{"embeddable":true,"href":"https:\/\/jk-wood.com\/en\/wp-json\/wp\/v2\/comments?post=5952"}],"wp:featuredmedia":[{"embeddable":true,"href":"https:\/\/jk-wood.com\/en\/wp-json\/wp\/v2\/media\/7412"}],"wp:attachment":[{"href":"https:\/\/jk-wood.com\/en\/wp-json\/wp\/v2\/media?parent=5952"}],"wp:term":[{"taxonomy":"product_brand","embeddable":true,"href":"https:\/\/jk-wood.com\/en\/wp-json\/wp\/v2\/product_brand?post=5952"},{"taxonomy":"product_cat","embeddable":true,"href":"https:\/\/jk-wood.com\/en\/wp-json\/wp\/v2\/product_cat?post=5952"},{"taxonomy":"product_tag","embeddable":true,"href":"https:\/\/jk-wood.com\/en\/wp-json\/wp\/v2\/product_tag?post=5952"}],"curies":[{"name":"wp","href":"https:\/\/api.w.org\/{rel}","templated":true}]}}